{"id":15595,"date":"2025-07-08T10:25:56","date_gmt":"2025-07-08T10:25:56","guid":{"rendered":"http:\/\/in-sist.si\/real-time-reporting\/"},"modified":"2025-11-24T08:41:29","modified_gmt":"2025-11-24T08:41:29","slug":"real-time-reporting","status":"publish","type":"page","link":"https:\/\/in-sist.si\/en\/real-time-reporting\/","title":{"rendered":"Real-Time Reporting"},"content":{"rendered":"\t\t<div data-elementor-type=\"wp-page\" data-elementor-id=\"15595\" class=\"elementor elementor-15595 elementor-12603\" data-elementor-post-type=\"page\">\n\t\t\t\t<div class=\"elementor-element elementor-element-3d9f2af e-flex e-con-boxed e-con e-parent\" data-id=\"3d9f2af\" data-element_type=\"container\">\n\t\t\t\t\t<div class=\"e-con-inner\">\n\t\t\t\t<div class=\"elementor-element elementor-element-08b52d2 navigation-breadcrumbs-custom split-breadcrumbs-y elementor-widget elementor-widget-global elementor-global-15262 elementor-global-13719 elementor-widget-the7-breadcrumb\" data-id=\"08b52d2\" data-element_type=\"widget\" data-widget_type=\"the7-breadcrumb.default\">\n\t\t\t\t<div class=\"elementor-widget-container\">\n\t\t\t\t\t<div class=\"assistive-text\">You are here:<\/div><ol class=\"breadcrumbs text-small rcrumbs\" itemscope itemtype=\"https:\/\/schema.org\/BreadcrumbList\"><li itemprop=\"itemListElement\" itemscope itemtype=\"https:\/\/schema.org\/ListItem\"><a itemprop=\"item\" href=\"https:\/\/in-sist.si\/en\/\" title=\"Home\"><span itemprop=\"name\">Home<\/span><\/a><meta itemprop=\"position\" content=\"1\" \/><\/li><li class=\"current\" itemprop=\"itemListElement\" itemscope itemtype=\"https:\/\/schema.org\/ListItem\"><span itemprop=\"name\">Page<\/span><meta itemprop=\"position\" content=\"2\" \/><\/li><\/ol>\t\t\t\t<\/div>\n\t\t\t\t<\/div>\n\t\t\t\t<div class=\"elementor-element elementor-element-634bbcd elementor-widget elementor-widget-slider_revolution\" data-id=\"634bbcd\" data-element_type=\"widget\" data-widget_type=\"slider_revolution.default\">\n\t\t\t\t<div class=\"elementor-widget-container\">\n\t\t\t\t\t\n\t\t<div class=\"wp-block-themepunch-revslider\">\n\t\t\t\t<p class=\"rs-p-wp-fix\"><\/p>\n\t\t\t\t<sr7-module data-alias=\"slider-7-1-11-1-1\" data-id=\"14\" id=\"SR7_14_1\" class=\"rs-ov-hidden\" data-version=\"6.7.37\">\n\t\t\t\t\t<sr7-adjuster><\/sr7-adjuster>\n\t\t\t\t\t<sr7-content>\n\t\t\t\t\t\t<sr7-slide id=\"SR7_14_1-27\" data-key=\"27\">\n\t\t\t\t\t\t\t<sr7-txt id=\"SR7_14_1-27-1\" class=\"sr7-layer\">Poro\u010danje v realnem \u010dasu<\/sr7-txt>\n\t\t\t\t\t\t\t<sr7-txt id=\"SR7_14_1-27-2\" class=\"sr7-layer\">(Real-Time reporting)<\/sr7-txt>\n\t\t\t\t\t\t<\/sr7-slide>\n\t\t\t\t\t\t<sr7-slide id=\"SR7_14_1-28\" data-key=\"28\">\n\t\t\t\t\t\t<\/sr7-slide>\n\t\t\t\t\t<\/sr7-content>\n\t\t\t\t\t<image_lists style=\"display:none\">\n\t\t\t\t\t\t<img data-src=\"\/\/in-sist.si\/wp-content\/uploads\/2025\/07\/Adobe-Express-file-5.jpg\" data-libid=\"12605\" data-lib=\"medialibrary\" title=\"Adobe Express &#8211; file (5)\" width=\"0\" height=\"0\" data-dbsrc=\"Ly9pbi1zaXN0LnNpL3dwLWNvbnRlbnQvdXBsb2Fkcy8yMDI1LzA3L0Fkb2JlLUV4cHJlc3MtZmlsZS01LmpwZw==\"\/>\n\t\t\t\t\t<\/image_lists>\n\t\t\t\t<\/sr7-module>\n\t\t\t\t<script>\n\t\t\t\t\tSR7.PMH ??={}; SR7.PMH[\"SR7_14_1\"] = {cn:100,state:false,fn: function() { if (_tpt!==undefined && _tpt.prepareModuleHeight !== undefined) {  _tpt.prepareModuleHeight({id:\"SR7_14_1\",el:[500,500,768,960,720],type:'hero',shdw:'0',gh:[500,500,412,313,193],gw:[1240,1240,1024,778,480],vpt:['-100px&#039;,&#039;-100px&#039;,&#039;-100px&#039;,&#039;-100px&#039;,&#039;-100px'],size:{fullWidth:true, fullHeight:false},mh:'0',onh:0,onw:0,bg:{color:'{\"orig\":\"transparent\",\"type\":\"solid\",\"string\":\"transparent\"}'}});   SR7.PMH[\"SR7_14_1\"].state=true;} else if(SR7.PMH[\"SR7_14_1\"].cn-->0)\tsetTimeout( SR7.PMH[\"SR7_14_1\"].fn,19);}};SR7.PMH[\"SR7_14_1\" ].fn();\n\t\t\t\t<\/script>\n<\/div>\n\n\t\t\t\t\t\t<\/div>\n\t\t\t\t<\/div>\n\t\t\t\t\t<\/div>\n\t\t\t\t<\/div>\n\t\t<div class=\"elementor-element elementor-element-15b87e4 main-container e-flex e-con-boxed e-con e-parent\" data-id=\"15b87e4\" data-element_type=\"container\">\n\t\t\t\t\t<div class=\"e-con-inner\">\n\t\t<div class=\"elementor-element elementor-element-9c2620c e-con-full e-flex e-con e-child\" data-id=\"9c2620c\" data-element_type=\"container\">\n\t\t<div class=\"elementor-element elementor-element-7c704af e-con-full e-flex e-con e-child\" data-id=\"7c704af\" data-element_type=\"container\">\n\t\t\t\t<div class=\"elementor-element elementor-element-55375e4 elementor-widget elementor-widget-image\" data-id=\"55375e4\" data-element_type=\"widget\" data-widget_type=\"image.default\">\n\t\t\t\t<div class=\"elementor-widget-container\">\n\t\t\t\t\t\t\t\t\t\t\t\t\t\t\t<img fetchpriority=\"high\" decoding=\"async\" width=\"1024\" height=\"683\" src=\"https:\/\/in-sist.si\/wp-content\/uploads\/2025\/07\/vecteezy_close-up-of-hands-of-two-men-and-woman-wearing-casual_7359304-1024x683.jpg\" class=\"attachment-large size-large wp-image-15596\" alt=\"\" srcset=\"https:\/\/in-sist.si\/wp-content\/uploads\/2025\/07\/vecteezy_close-up-of-hands-of-two-men-and-woman-wearing-casual_7359304-1024x683.jpg 1024w, https:\/\/in-sist.si\/wp-content\/uploads\/2025\/07\/vecteezy_close-up-of-hands-of-two-men-and-woman-wearing-casual_7359304-300x200.jpg 300w, https:\/\/in-sist.si\/wp-content\/uploads\/2025\/07\/vecteezy_close-up-of-hands-of-two-men-and-woman-wearing-casual_7359304-768x512.jpg 768w, https:\/\/in-sist.si\/wp-content\/uploads\/2025\/07\/vecteezy_close-up-of-hands-of-two-men-and-woman-wearing-casual_7359304-1536x1024.jpg 1536w, https:\/\/in-sist.si\/wp-content\/uploads\/2025\/07\/vecteezy_close-up-of-hands-of-two-men-and-woman-wearing-casual_7359304-2048x1365.jpg 2048w, https:\/\/in-sist.si\/wp-content\/uploads\/2025\/07\/vecteezy_close-up-of-hands-of-two-men-and-woman-wearing-casual_7359304-900x600.jpg 900w, https:\/\/in-sist.si\/wp-content\/uploads\/2025\/07\/vecteezy_close-up-of-hands-of-two-men-and-woman-wearing-casual_7359304-1200x800.jpg 1200w\" sizes=\"(max-width: 1024px) 100vw, 1024px\" \/>\t\t\t\t\t\t\t\t\t\t\t\t\t\t\t<\/div>\n\t\t\t\t<\/div>\n\t\t\t\t<\/div>\n\t\t<div class=\"elementor-element elementor-element-53d7b47 e-con-full e-flex e-con e-child\" data-id=\"53d7b47\" data-element_type=\"container\">\n\t\t\t\t<div class=\"elementor-element elementor-element-3c0b492 elementor-widget elementor-widget-heading\" data-id=\"3c0b492\" data-element_type=\"widget\" data-widget_type=\"heading.default\">\n\t\t\t\t<div class=\"elementor-widget-container\">\n\t\t\t\t\t<h2 class=\"elementor-heading-title elementor-size-default\">Real-time reporting - make decisions based on fresh data<\/h2>\t\t\t\t<\/div>\n\t\t\t\t<\/div>\n\t\t\t\t<div class=\"elementor-element elementor-element-69faa44 elementor-widget elementor-widget-text-editor\" data-id=\"69faa44\" data-element_type=\"widget\" data-widget_type=\"text-editor.default\">\n\t\t\t\t<div class=\"elementor-widget-container\">\n\t\t\t\t\t\t\t\t\t<p>In a fast-moving business environment, time is often a key advantage. Traditional weekly or monthly reports are often no longer sufficient to make timely and informed decisions. Real-Time Reporting gives you instant insight into key indicators and what&#8217;s happening in your business &#8211; without delays, errors or manual data collection.  <\/p><p>By connecting to ERP systems, production lines, sales channels and other data sources, we ensure up-to-date monitoring of your business at all levels &#8211; from the individual operation to the entire organisation.<\/p>\t\t\t\t\t\t\t\t<\/div>\n\t\t\t\t<\/div>\n\t\t\t\t<\/div>\n\t\t\t\t<\/div>\n\t\t\t\t\t<\/div>\n\t\t\t\t<\/div>\n\t\t<div class=\"elementor-element elementor-element-1d834c0d e-con-full e-flex e-con e-parent\" data-id=\"1d834c0d\" data-element_type=\"container\">\n\t\t<div class=\"elementor-element elementor-element-36e14a e-con-full e-flex e-con e-child\" data-id=\"36e14a\" data-element_type=\"container\" data-settings=\"{&quot;background_background&quot;:&quot;classic&quot;}\">\n\t\t<div class=\"elementor-element elementor-element-29a36525 e-con-full e-flex e-con e-child\" data-id=\"29a36525\" data-element_type=\"container\">\n\t\t\t\t<div class=\"elementor-element elementor-element-65801d2d elementor-widget elementor-widget-heading\" data-id=\"65801d2d\" data-element_type=\"widget\" data-widget_type=\"heading.default\">\n\t\t\t\t<div class=\"elementor-widget-container\">\n\t\t\t\t\t<h2 class=\"elementor-heading-title elementor-size-default\">Why with us?<\/h2>\t\t\t\t<\/div>\n\t\t\t\t<\/div>\n\t\t\t\t<div class=\"elementor-element elementor-element-e682f6c elementor-widget elementor-widget-text-editor\" data-id=\"e682f6c\" data-element_type=\"widget\" data-widget_type=\"text-editor.default\">\n\t\t\t\t<div class=\"elementor-widget-container\">\n\t\t\t\t\t\t\t\t\t<p>Smo certificiran partner z bogatimi izku\u0161njami na podro\u010dju ERP uvedb in digitalizacije poslovanja. Razumemo tehnolo\u0161ke in \u010dlove\u0161ke izzive pri uvedbi tak\u0161nega sistema, zato zagotovimo strokovno voden projekt, ki se osredoto\u010da na kon\u010dnega uporabnika in dolgoro\u010dno vrednost. <\/p><p>Whether you&#8217;re a micro-business or a manufacturing company with complex processes &#8211; with Pantheon ERP, you get a tool that grows with you.<\/p>\t\t\t\t\t\t\t\t<\/div>\n\t\t\t\t<\/div>\n\t\t\t\t<div class=\"elementor-element elementor-element-3f9b05ee elementor-widget elementor-widget-button\" data-id=\"3f9b05ee\" data-element_type=\"widget\" data-widget_type=\"button.default\">\n\t\t\t\t<div class=\"elementor-widget-container\">\n\t\t\t\t\t\t\t\t\t<div class=\"elementor-button-wrapper\">\n\t\t\t\t\t<a class=\"elementor-button elementor-button-link elementor-size-sm\" href=\"#\">\n\t\t\t\t\t\t<span class=\"elementor-button-content-wrapper\">\n\t\t\t\t\t\t\t\t\t<span class=\"elementor-button-text\">More about us<\/span>\n\t\t\t\t\t<\/span>\n\t\t\t\t\t<\/a>\n\t\t\t\t<\/div>\n\t\t\t\t\t\t\t\t<\/div>\n\t\t\t\t<\/div>\n\t\t\t\t<\/div>\n\t\t\t\t<\/div>\n\t\t<div class=\"elementor-element elementor-element-208af4c6 e-con-full e-flex e-con e-child\" data-id=\"208af4c6\" data-element_type=\"container\" data-settings=\"{&quot;background_background&quot;:&quot;classic&quot;}\">\n\t\t<div class=\"elementor-element elementor-element-55283f9 e-con-full e-flex e-con e-child\" data-id=\"55283f9\" data-element_type=\"container\">\n\t\t\t\t<div class=\"elementor-element elementor-element-73e24efd elementor-widget elementor-widget-heading\" data-id=\"73e24efd\" data-element_type=\"widget\" data-widget_type=\"heading.default\">\n\t\t\t\t<div class=\"elementor-widget-container\">\n\t\t\t\t\t<h2 class=\"elementor-heading-title elementor-size-default\">Want to know more or schedule a consultation?<\/h2>\t\t\t\t<\/div>\n\t\t\t\t<\/div>\n\t\t\t\t<div class=\"elementor-element elementor-element-af8ed5b elementor-widget elementor-widget-text-editor\" data-id=\"af8ed5b\" data-element_type=\"widget\" data-widget_type=\"text-editor.default\">\n\t\t\t\t<div class=\"elementor-widget-container\">\n\t\t\t\t\t\t\t\t\t<p>Contact us and we will be happy to make you a presentation or a concrete offer.<\/p>\t\t\t\t\t\t\t\t<\/div>\n\t\t\t\t<\/div>\n\t\t\t\t<\/div>\n\t\t\t\t<\/div>\n\t\t<div class=\"elementor-element elementor-element-4846b39d e-con-full e-flex e-con e-child\" data-id=\"4846b39d\" data-element_type=\"container\">\n\t\t<div class=\"elementor-element elementor-element-77a13a2 e-con-full e-flex e-con e-child\" data-id=\"77a13a2\" data-element_type=\"container\">\n\t\t\t\t<div class=\"elementor-element elementor-element-3b83eabe elementor-widget elementor-widget-heading\" data-id=\"3b83eabe\" data-element_type=\"widget\" data-widget_type=\"heading.default\">\n\t\t\t\t<div class=\"elementor-widget-container\">\n\t\t\t\t\t<h3 class=\"elementor-heading-title elementor-size-default\">They trust us<\/h3>\t\t\t\t<\/div>\n\t\t\t\t<\/div>\n\t\t\t\t<\/div>\n\t\t<div class=\"elementor-element elementor-element-6d44aa79 e-con-full e-flex e-con e-child\" data-id=\"6d44aa79\" data-element_type=\"container\">\n\t\t<div class=\"elementor-element elementor-element-1413f700 e-grid e-con-full e-con e-child\" data-id=\"1413f700\" data-element_type=\"container\">\n\t\t\t\t<div class=\"elementor-element elementor-element-2d7e2109 elementor-widget elementor-widget-image\" data-id=\"2d7e2109\" data-element_type=\"widget\" data-widget_type=\"image.default\">\n\t\t\t\t<div class=\"elementor-widget-container\">\n\t\t\t\t\t\t\t\t\t\t\t\t\t\t\t<img decoding=\"async\" width=\"1024\" height=\"337\" src=\"https:\/\/in-sist.si\/wp-content\/uploads\/2025\/06\/krka_fin-1024x337.png\" class=\"attachment-large size-large wp-image-15198\" alt=\"\" srcset=\"https:\/\/in-sist.si\/wp-content\/uploads\/2025\/06\/krka_fin-1024x337.png 1024w, https:\/\/in-sist.si\/wp-content\/uploads\/2025\/06\/krka_fin-300x99.png 300w, https:\/\/in-sist.si\/wp-content\/uploads\/2025\/06\/krka_fin-768x253.png 768w, https:\/\/in-sist.si\/wp-content\/uploads\/2025\/06\/krka_fin-900x296.png 900w, https:\/\/in-sist.si\/wp-content\/uploads\/2025\/06\/krka_fin-1200x395.png 1200w, https:\/\/in-sist.si\/wp-content\/uploads\/2025\/06\/krka_fin.png 1520w\" sizes=\"(max-width: 1024px) 100vw, 1024px\" \/>\t\t\t\t\t\t\t\t\t\t\t\t\t\t\t<\/div>\n\t\t\t\t<\/div>\n\t\t\t\t<div class=\"elementor-element elementor-element-2bfdb2d9 elementor-widget elementor-widget-image\" data-id=\"2bfdb2d9\" data-element_type=\"widget\" data-widget_type=\"image.default\">\n\t\t\t\t<div class=\"elementor-widget-container\">\n\t\t\t\t\t\t\t\t\t\t\t\t\t\t\t<img loading=\"lazy\" decoding=\"async\" width=\"1024\" height=\"337\" src=\"https:\/\/in-sist.si\/wp-content\/uploads\/2025\/06\/sophos_fix-1024x337.png\" class=\"attachment-large size-large wp-image-15199\" alt=\"\" srcset=\"https:\/\/in-sist.si\/wp-content\/uploads\/2025\/06\/sophos_fix-1024x337.png 1024w, https:\/\/in-sist.si\/wp-content\/uploads\/2025\/06\/sophos_fix-300x99.png 300w, https:\/\/in-sist.si\/wp-content\/uploads\/2025\/06\/sophos_fix-768x253.png 768w, https:\/\/in-sist.si\/wp-content\/uploads\/2025\/06\/sophos_fix-900x296.png 900w, https:\/\/in-sist.si\/wp-content\/uploads\/2025\/06\/sophos_fix-1200x395.png 1200w, https:\/\/in-sist.si\/wp-content\/uploads\/2025\/06\/sophos_fix.png 1520w\" sizes=\"(max-width: 1024px) 100vw, 1024px\" \/>\t\t\t\t\t\t\t\t\t\t\t\t\t\t\t<\/div>\n\t\t\t\t<\/div>\n\t\t\t\t<div class=\"elementor-element elementor-element-2e668bd0 elementor-widget elementor-widget-image\" data-id=\"2e668bd0\" data-element_type=\"widget\" data-widget_type=\"image.default\">\n\t\t\t\t<div class=\"elementor-widget-container\">\n\t\t\t\t\t\t\t\t\t\t\t\t\t\t\t<img loading=\"lazy\" decoding=\"async\" width=\"1024\" height=\"337\" src=\"https:\/\/in-sist.si\/wp-content\/uploads\/2025\/06\/datalab_fin-1024x337.png\" class=\"attachment-large size-large wp-image-15201\" alt=\"\" srcset=\"https:\/\/in-sist.si\/wp-content\/uploads\/2025\/06\/datalab_fin-1024x337.png 1024w, https:\/\/in-sist.si\/wp-content\/uploads\/2025\/06\/datalab_fin-300x99.png 300w, https:\/\/in-sist.si\/wp-content\/uploads\/2025\/06\/datalab_fin-768x253.png 768w, https:\/\/in-sist.si\/wp-content\/uploads\/2025\/06\/datalab_fin-900x296.png 900w, https:\/\/in-sist.si\/wp-content\/uploads\/2025\/06\/datalab_fin-1200x395.png 1200w, https:\/\/in-sist.si\/wp-content\/uploads\/2025\/06\/datalab_fin.png 1520w\" sizes=\"(max-width: 1024px) 100vw, 1024px\" \/>\t\t\t\t\t\t\t\t\t\t\t\t\t\t\t<\/div>\n\t\t\t\t<\/div>\n\t\t\t\t<div class=\"elementor-element elementor-element-66e2fdc0 elementor-widget elementor-widget-image\" data-id=\"66e2fdc0\" data-element_type=\"widget\" data-widget_type=\"image.default\">\n\t\t\t\t<div class=\"elementor-widget-container\">\n\t\t\t\t\t\t\t\t\t\t\t\t\t\t\t<img decoding=\"async\" width=\"1024\" height=\"337\" src=\"https:\/\/in-sist.si\/wp-content\/uploads\/2025\/06\/krka_fin-1024x337.png\" class=\"attachment-large size-large wp-image-15198\" alt=\"\" srcset=\"https:\/\/in-sist.si\/wp-content\/uploads\/2025\/06\/krka_fin-1024x337.png 1024w, https:\/\/in-sist.si\/wp-content\/uploads\/2025\/06\/krka_fin-300x99.png 300w, https:\/\/in-sist.si\/wp-content\/uploads\/2025\/06\/krka_fin-768x253.png 768w, https:\/\/in-sist.si\/wp-content\/uploads\/2025\/06\/krka_fin-900x296.png 900w, https:\/\/in-sist.si\/wp-content\/uploads\/2025\/06\/krka_fin-1200x395.png 1200w, https:\/\/in-sist.si\/wp-content\/uploads\/2025\/06\/krka_fin.png 1520w\" sizes=\"(max-width: 1024px) 100vw, 1024px\" \/>\t\t\t\t\t\t\t\t\t\t\t\t\t\t\t<\/div>\n\t\t\t\t<\/div>\n\t\t\t\t<div class=\"elementor-element elementor-element-277daa27 elementor-widget elementor-widget-image\" data-id=\"277daa27\" data-element_type=\"widget\" data-widget_type=\"image.default\">\n\t\t\t\t<div class=\"elementor-widget-container\">\n\t\t\t\t\t\t\t\t\t\t\t\t\t\t\t<img loading=\"lazy\" decoding=\"async\" width=\"1024\" height=\"337\" src=\"https:\/\/in-sist.si\/wp-content\/uploads\/2025\/06\/sophos_fix-1024x337.png\" class=\"attachment-large size-large wp-image-15199\" alt=\"\" srcset=\"https:\/\/in-sist.si\/wp-content\/uploads\/2025\/06\/sophos_fix-1024x337.png 1024w, https:\/\/in-sist.si\/wp-content\/uploads\/2025\/06\/sophos_fix-300x99.png 300w, https:\/\/in-sist.si\/wp-content\/uploads\/2025\/06\/sophos_fix-768x253.png 768w, https:\/\/in-sist.si\/wp-content\/uploads\/2025\/06\/sophos_fix-900x296.png 900w, https:\/\/in-sist.si\/wp-content\/uploads\/2025\/06\/sophos_fix-1200x395.png 1200w, https:\/\/in-sist.si\/wp-content\/uploads\/2025\/06\/sophos_fix.png 1520w\" sizes=\"(max-width: 1024px) 100vw, 1024px\" \/>\t\t\t\t\t\t\t\t\t\t\t\t\t\t\t<\/div>\n\t\t\t\t<\/div>\n\t\t\t\t<\/div>\n\t\t\t\t<\/div>\n\t\t\t\t<\/div>\n\t\t\t\t<\/div>\n\t\t\t\t<\/div>\n\t\t","protected":false},"excerpt":{"rendered":"<p>Tukaj ste: Domov Real-time reporting &#8211; make decisions based on fresh data In a fast-moving business environment, time is often a key advantage. Traditional weekly or monthly reports are often no longer sufficient to make timely and informed decisions. Real-Time Reporting gives you instant insight into key indicators and what&#8217;s happening in your business &#8211;&hellip;<\/p>\n","protected":false},"author":1,"featured_media":0,"parent":0,"menu_order":0,"comment_status":"closed","ping_status":"closed","template":"elementor_header_footer","meta":{"_acf_changed":false,"give_campaign_id":0,"footnotes":""},"class_list":["post-15595","page","type-page","status-publish","hentry"],"acf":[],"yoast_head":"<!-- This site is optimized with the Yoast SEO plugin v25.9 - https:\/\/yoast.com\/wordpress\/plugins\/seo\/ -->\n<title>Real-Time Reporting - In.Sist<\/title>\n<meta name=\"robots\" content=\"index, follow, max-snippet:-1, max-image-preview:large, max-video-preview:-1\" \/>\n<link rel=\"canonical\" href=\"https:\/\/in-sist.si\/en\/real-time-reporting\/\" \/>\n<meta property=\"og:locale\" content=\"en_US\" \/>\n<meta property=\"og:type\" content=\"article\" \/>\n<meta property=\"og:title\" content=\"Real-Time Reporting - In.Sist\" \/>\n<meta property=\"og:description\" content=\"Tukaj ste: Domov Real-time reporting &#8211; make decisions based on fresh data In a fast-moving business environment, time is often a key advantage. Traditional weekly or monthly reports are often no longer sufficient to make timely and informed decisions. Real-Time Reporting gives you instant insight into key indicators and what&#8217;s happening in your business &#8211;&hellip;\" \/>\n<meta property=\"og:url\" content=\"https:\/\/in-sist.si\/en\/real-time-reporting\/\" \/>\n<meta property=\"og:site_name\" content=\"In.Sist\" \/>\n<meta property=\"article:modified_time\" content=\"2025-11-24T08:41:29+00:00\" \/>\n<meta property=\"og:image\" content=\"http:\/\/in-sist.si\/wp-content\/uploads\/2025\/07\/vecteezy_close-up-of-hands-of-two-men-and-woman-wearing-casual_7359304-1024x683.jpg\" \/>\n<meta name=\"twitter:card\" content=\"summary_large_image\" \/>\n<meta name=\"twitter:label1\" content=\"Est. reading time\" \/>\n\t<meta name=\"twitter:data1\" content=\"1 minute\" \/>\n<script type=\"application\/ld+json\" class=\"yoast-schema-graph\">{\"@context\":\"https:\/\/schema.org\",\"@graph\":[{\"@type\":\"WebPage\",\"@id\":\"https:\/\/in-sist.si\/en\/real-time-reporting\/\",\"url\":\"https:\/\/in-sist.si\/en\/real-time-reporting\/\",\"name\":\"Real-Time Reporting - In.Sist\",\"isPartOf\":{\"@id\":\"https:\/\/in-sist.si\/en\/#website\"},\"primaryImageOfPage\":{\"@id\":\"https:\/\/in-sist.si\/en\/real-time-reporting\/#primaryimage\"},\"image\":{\"@id\":\"https:\/\/in-sist.si\/en\/real-time-reporting\/#primaryimage\"},\"thumbnailUrl\":\"http:\/\/in-sist.si\/wp-content\/uploads\/2025\/07\/vecteezy_close-up-of-hands-of-two-men-and-woman-wearing-casual_7359304-1024x683.jpg\",\"datePublished\":\"2025-07-08T10:25:56+00:00\",\"dateModified\":\"2025-11-24T08:41:29+00:00\",\"breadcrumb\":{\"@id\":\"https:\/\/in-sist.si\/en\/real-time-reporting\/#breadcrumb\"},\"inLanguage\":\"en-US\",\"potentialAction\":[{\"@type\":\"ReadAction\",\"target\":[\"https:\/\/in-sist.si\/en\/real-time-reporting\/\"]}]},{\"@type\":\"ImageObject\",\"inLanguage\":\"en-US\",\"@id\":\"https:\/\/in-sist.si\/en\/real-time-reporting\/#primaryimage\",\"url\":\"http:\/\/in-sist.si\/wp-content\/uploads\/2025\/07\/vecteezy_close-up-of-hands-of-two-men-and-woman-wearing-casual_7359304-1024x683.jpg\",\"contentUrl\":\"http:\/\/in-sist.si\/wp-content\/uploads\/2025\/07\/vecteezy_close-up-of-hands-of-two-men-and-woman-wearing-casual_7359304-1024x683.jpg\"},{\"@type\":\"BreadcrumbList\",\"@id\":\"https:\/\/in-sist.si\/en\/real-time-reporting\/#breadcrumb\",\"itemListElement\":[{\"@type\":\"ListItem\",\"position\":1,\"name\":\"Home\",\"item\":\"https:\/\/in-sist.si\/en\/\"},{\"@type\":\"ListItem\",\"position\":2,\"name\":\"Real-Time Reporting\"}]},{\"@type\":\"WebSite\",\"@id\":\"https:\/\/in-sist.si\/en\/#website\",\"url\":\"https:\/\/in-sist.si\/en\/\",\"name\":\"In.Sist\",\"description\":\"\",\"publisher\":{\"@id\":\"https:\/\/in-sist.si\/en\/#organization\"},\"potentialAction\":[{\"@type\":\"SearchAction\",\"target\":{\"@type\":\"EntryPoint\",\"urlTemplate\":\"https:\/\/in-sist.si\/en\/?s={search_term_string}\"},\"query-input\":{\"@type\":\"PropertyValueSpecification\",\"valueRequired\":true,\"valueName\":\"search_term_string\"}}],\"inLanguage\":\"en-US\"},{\"@type\":\"Organization\",\"@id\":\"https:\/\/in-sist.si\/en\/#organization\",\"name\":\"In.Sist\",\"url\":\"https:\/\/in-sist.si\/en\/\",\"logo\":{\"@type\":\"ImageObject\",\"inLanguage\":\"en-US\",\"@id\":\"https:\/\/in-sist.si\/en\/#\/schema\/logo\/image\/\",\"url\":\"https:\/\/in-sist.si\/wp-content\/uploads\/2025\/04\/smallerinsistia.png\",\"contentUrl\":\"https:\/\/in-sist.si\/wp-content\/uploads\/2025\/04\/smallerinsistia.png\",\"width\":350,\"height\":100,\"caption\":\"In.Sist\"},\"image\":{\"@id\":\"https:\/\/in-sist.si\/en\/#\/schema\/logo\/image\/\"}}]}<\/script>\n<!-- \/ Yoast SEO plugin. -->","yoast_head_json":{"title":"Real-Time Reporting - In.Sist","robots":{"index":"index","follow":"follow","max-snippet":"max-snippet:-1","max-image-preview":"max-image-preview:large","max-video-preview":"max-video-preview:-1"},"canonical":"https:\/\/in-sist.si\/en\/real-time-reporting\/","og_locale":"en_US","og_type":"article","og_title":"Real-Time Reporting - In.Sist","og_description":"Tukaj ste: Domov Real-time reporting &#8211; make decisions based on fresh data In a fast-moving business environment, time is often a key advantage. Traditional weekly or monthly reports are often no longer sufficient to make timely and informed decisions. Real-Time Reporting gives you instant insight into key indicators and what&#8217;s happening in your business &#8211;&hellip;","og_url":"https:\/\/in-sist.si\/en\/real-time-reporting\/","og_site_name":"In.Sist","article_modified_time":"2025-11-24T08:41:29+00:00","og_image":[{"url":"http:\/\/in-sist.si\/wp-content\/uploads\/2025\/07\/vecteezy_close-up-of-hands-of-two-men-and-woman-wearing-casual_7359304-1024x683.jpg","type":"","width":"","height":""}],"twitter_card":"summary_large_image","twitter_misc":{"Est. reading time":"1 minute"},"schema":{"@context":"https:\/\/schema.org","@graph":[{"@type":"WebPage","@id":"https:\/\/in-sist.si\/en\/real-time-reporting\/","url":"https:\/\/in-sist.si\/en\/real-time-reporting\/","name":"Real-Time Reporting - In.Sist","isPartOf":{"@id":"https:\/\/in-sist.si\/en\/#website"},"primaryImageOfPage":{"@id":"https:\/\/in-sist.si\/en\/real-time-reporting\/#primaryimage"},"image":{"@id":"https:\/\/in-sist.si\/en\/real-time-reporting\/#primaryimage"},"thumbnailUrl":"http:\/\/in-sist.si\/wp-content\/uploads\/2025\/07\/vecteezy_close-up-of-hands-of-two-men-and-woman-wearing-casual_7359304-1024x683.jpg","datePublished":"2025-07-08T10:25:56+00:00","dateModified":"2025-11-24T08:41:29+00:00","breadcrumb":{"@id":"https:\/\/in-sist.si\/en\/real-time-reporting\/#breadcrumb"},"inLanguage":"en-US","potentialAction":[{"@type":"ReadAction","target":["https:\/\/in-sist.si\/en\/real-time-reporting\/"]}]},{"@type":"ImageObject","inLanguage":"en-US","@id":"https:\/\/in-sist.si\/en\/real-time-reporting\/#primaryimage","url":"http:\/\/in-sist.si\/wp-content\/uploads\/2025\/07\/vecteezy_close-up-of-hands-of-two-men-and-woman-wearing-casual_7359304-1024x683.jpg","contentUrl":"http:\/\/in-sist.si\/wp-content\/uploads\/2025\/07\/vecteezy_close-up-of-hands-of-two-men-and-woman-wearing-casual_7359304-1024x683.jpg"},{"@type":"BreadcrumbList","@id":"https:\/\/in-sist.si\/en\/real-time-reporting\/#breadcrumb","itemListElement":[{"@type":"ListItem","position":1,"name":"Home","item":"https:\/\/in-sist.si\/en\/"},{"@type":"ListItem","position":2,"name":"Real-Time Reporting"}]},{"@type":"WebSite","@id":"https:\/\/in-sist.si\/en\/#website","url":"https:\/\/in-sist.si\/en\/","name":"In.Sist","description":"","publisher":{"@id":"https:\/\/in-sist.si\/en\/#organization"},"potentialAction":[{"@type":"SearchAction","target":{"@type":"EntryPoint","urlTemplate":"https:\/\/in-sist.si\/en\/?s={search_term_string}"},"query-input":{"@type":"PropertyValueSpecification","valueRequired":true,"valueName":"search_term_string"}}],"inLanguage":"en-US"},{"@type":"Organization","@id":"https:\/\/in-sist.si\/en\/#organization","name":"In.Sist","url":"https:\/\/in-sist.si\/en\/","logo":{"@type":"ImageObject","inLanguage":"en-US","@id":"https:\/\/in-sist.si\/en\/#\/schema\/logo\/image\/","url":"https:\/\/in-sist.si\/wp-content\/uploads\/2025\/04\/smallerinsistia.png","contentUrl":"https:\/\/in-sist.si\/wp-content\/uploads\/2025\/04\/smallerinsistia.png","width":350,"height":100,"caption":"In.Sist"},"image":{"@id":"https:\/\/in-sist.si\/en\/#\/schema\/logo\/image\/"}}]}},"campaignId":"","_links":{"self":[{"href":"https:\/\/in-sist.si\/en\/wp-json\/wp\/v2\/pages\/15595","targetHints":{"allow":["GET"]}}],"collection":[{"href":"https:\/\/in-sist.si\/en\/wp-json\/wp\/v2\/pages"}],"about":[{"href":"https:\/\/in-sist.si\/en\/wp-json\/wp\/v2\/types\/page"}],"author":[{"embeddable":true,"href":"https:\/\/in-sist.si\/en\/wp-json\/wp\/v2\/users\/1"}],"replies":[{"embeddable":true,"href":"https:\/\/in-sist.si\/en\/wp-json\/wp\/v2\/comments?post=15595"}],"version-history":[{"count":1,"href":"https:\/\/in-sist.si\/en\/wp-json\/wp\/v2\/pages\/15595\/revisions"}],"predecessor-version":[{"id":15600,"href":"https:\/\/in-sist.si\/en\/wp-json\/wp\/v2\/pages\/15595\/revisions\/15600"}],"wp:attachment":[{"href":"https:\/\/in-sist.si\/en\/wp-json\/wp\/v2\/media?parent=15595"}],"curies":[{"name":"wp","href":"https:\/\/api.w.org\/{rel}","templated":true}]}}