{"id":15518,"date":"2025-11-10T10:21:26","date_gmt":"2025-11-10T10:21:26","guid":{"rendered":"http:\/\/in-sist.si\/the-team\/"},"modified":"2025-12-10T07:22:15","modified_gmt":"2025-12-10T07:22:15","slug":"the-team","status":"publish","type":"page","link":"https:\/\/in-sist.si\/en\/the-team\/","title":{"rendered":"The  team"},"content":{"rendered":"\t\t<div data-elementor-type=\"wp-page\" data-elementor-id=\"15518\" class=\"elementor elementor-15518 elementor-13865\" data-elementor-post-type=\"page\">\n\t\t\t\t<div class=\"elementor-element elementor-element-44f4d455 e-con-full e-flex e-con e-child\" data-id=\"44f4d455\" data-element_type=\"container\">\n\t\t\t\t<div class=\"elementor-element elementor-element-1cb6c937 navigation-breadcrumbs-custom split-breadcrumbs-y elementor-widget elementor-widget-global elementor-global-15262 elementor-global-13719 elementor-widget-the7-breadcrumb\" data-id=\"1cb6c937\" data-element_type=\"widget\" data-widget_type=\"the7-breadcrumb.default\">\n\t\t\t\t<div class=\"elementor-widget-container\">\n\t\t\t\t\t<div class=\"assistive-text\">You are here:<\/div><ol class=\"breadcrumbs text-small rcrumbs\" itemscope itemtype=\"https:\/\/schema.org\/BreadcrumbList\"><li itemprop=\"itemListElement\" itemscope itemtype=\"https:\/\/schema.org\/ListItem\"><a itemprop=\"item\" href=\"https:\/\/in-sist.si\/en\/\" title=\"Home\"><span itemprop=\"name\">Home<\/span><\/a><meta itemprop=\"position\" content=\"1\" \/><\/li><li class=\"current\" itemprop=\"itemListElement\" itemscope itemtype=\"https:\/\/schema.org\/ListItem\"><span itemprop=\"name\">Page<\/span><meta itemprop=\"position\" content=\"2\" \/><\/li><\/ol>\t\t\t\t<\/div>\n\t\t\t\t<\/div>\n\t\t\t\t<div class=\"elementor-element elementor-element-7700aa4b elementor-widget elementor-widget-slider_revolution\" data-id=\"7700aa4b\" data-element_type=\"widget\" data-widget_type=\"slider_revolution.default\">\n\t\t\t\t<div class=\"elementor-widget-container\">\n\t\t\t\t\t\n\t\t<div class=\"wp-block-themepunch-revslider\">\n\t\t\t\t<p class=\"rs-p-wp-fix\"><\/p>\n\t\t\t\t<sr7-module data-alias=\"team\" data-id=\"75\" id=\"SR7_75_1\" class=\"rs-ov-hidden\" data-version=\"6.7.37\">\n\t\t\t\t\t<sr7-adjuster><\/sr7-adjuster>\n\t\t\t\t\t<sr7-content>\n\t\t\t\t\t\t<sr7-slide id=\"SR7_75_1-202\" data-key=\"202\">\n\t\t\t\t\t\t\t<sr7-txt id=\"SR7_75_1-202-2\" class=\"sr7-layer\">Team<\/sr7-txt>\n\t\t\t\t\t\t<\/sr7-slide>\n\t\t\t\t\t\t<sr7-slide id=\"SR7_75_1-166\" data-key=\"166\">\n\t\t\t\t\t\t<\/sr7-slide>\n\t\t\t\t\t<\/sr7-content>\n\t\t\t\t\t<image_lists style=\"display:none\">\n\t\t\t\t\t\t<img data-src=\"\/\/in-sist.si\/wp-content\/uploads\/2025\/09\/Slider-3.jpg\" data-libid=\"13566\" data-lib=\"medialibrary\" title=\"Slider 3\" width=\"0\" height=\"0\" data-dbsrc=\"Ly9pbi1zaXN0LnNpL3dwLWNvbnRlbnQvdXBsb2Fkcy8yMDI1LzA5L1NsaWRlci0zLmpwZw==\"\/>\n\t\t\t\t\t<\/image_lists>\n\t\t\t\t<\/sr7-module>\n\t\t\t\t<script>\n\t\t\t\t\tSR7.PMH ??={}; SR7.PMH[\"SR7_75_1\"] = {cn:100,state:false,fn: function() { if (_tpt!==undefined && _tpt.prepareModuleHeight !== undefined) {  _tpt.prepareModuleHeight({id:\"SR7_75_1\",el:[400,400,410,960,193],type:'hero',shdw:'0',gh:[400,400,410,313,193],gw:[1240,1240,1024,778,480],vpt:['-100px&#039;,&#039;-100px&#039;,&#039;-100px&#039;,&#039;-100px&#039;,&#039;-100px'],size:{fullWidth:true, fullHeight:false},mh:'0',onh:0,onw:0,bg:{color:'{\"orig\":\"transparent\",\"type\":\"solid\",\"string\":\"transparent\"}'}});   SR7.PMH[\"SR7_75_1\"].state=true;} else if(SR7.PMH[\"SR7_75_1\"].cn-->0)\tsetTimeout( SR7.PMH[\"SR7_75_1\"].fn,19);}};SR7.PMH[\"SR7_75_1\" ].fn();\n\t\t\t\t<\/script>\n<\/div>\n\n\t\t\t\t\t\t<\/div>\n\t\t\t\t<\/div>\n\t\t\t\t<\/div>\n\t\t<div class=\"elementor-element elementor-element-28b21f31 main-container e-flex e-con-boxed e-con e-parent\" data-id=\"28b21f31\" data-element_type=\"container\">\n\t\t\t\t\t<div class=\"e-con-inner\">\n\t\t<div class=\"elementor-element elementor-element-481bdcfc e-con-full div-bellow-hero e-flex e-con e-child\" data-id=\"481bdcfc\" data-element_type=\"container\" data-settings=\"{&quot;background_background&quot;:&quot;classic&quot;}\">\n\t\t<div class=\"elementor-element elementor-element-3a57408a e-con-fit text-bellow-hero e-flex e-con e-child\" data-id=\"3a57408a\" data-element_type=\"container\">\n\t\t\t\t<div class=\"elementor-element elementor-element-aa83376 elementor-widget elementor-widget-heading\" data-id=\"aa83376\" data-element_type=\"widget\" data-widget_type=\"heading.default\">\n\t\t\t\t<div class=\"elementor-widget-container\">\n\t\t\t\t\t<h1 class=\"elementor-heading-title elementor-size-default\">Our team<\/h1>\t\t\t\t<\/div>\n\t\t\t\t<\/div>\n\t\t\t\t<div class=\"elementor-element elementor-element-51eca58a elementor-widget elementor-widget-text-editor\" data-id=\"51eca58a\" data-element_type=\"widget\" data-widget_type=\"text-editor.default\">\n\t\t\t\t<div class=\"elementor-widget-container\">\n\t\t\t\t\t\t\t\t\t<p>At IN.SIST d.o.o. we believe that the quality of any solution is directly linked to the quality of the team behind it. That is why, in almost two decades of operation, we have built a professional, reliable and experienced team that combines technological know-how, business understanding and a partnership approach to each customer. <\/p>\t\t\t\t\t\t\t\t<\/div>\n\t\t\t\t<\/div>\n\t\t\t\t<\/div>\n\t\t<div class=\"elementor-element elementor-element-f4880c1 e-con-fit e-flex e-con e-child\" data-id=\"f4880c1\" data-element_type=\"container\">\n\t\t\t\t<div class=\"elementor-element elementor-element-7cd34d89 elementor-widget__width-initial elementor-widget elementor-widget-image\" data-id=\"7cd34d89\" data-element_type=\"widget\" data-widget_type=\"image.default\">\n\t\t\t\t<div class=\"elementor-widget-container\">\n\t\t\t\t\t\t\t\t\t\t\t\t\t\t\t<img fetchpriority=\"high\" decoding=\"async\" width=\"768\" height=\"576\" src=\"https:\/\/in-sist.si\/wp-content\/uploads\/2025\/11\/WMS-768x576.jpg\" class=\"attachment-medium_large size-medium_large wp-image-15444\" alt=\"\" srcset=\"https:\/\/in-sist.si\/wp-content\/uploads\/2025\/11\/WMS-768x576.jpg 768w, https:\/\/in-sist.si\/wp-content\/uploads\/2025\/11\/WMS-300x225.jpg 300w, https:\/\/in-sist.si\/wp-content\/uploads\/2025\/11\/WMS-1024x768.jpg 1024w, https:\/\/in-sist.si\/wp-content\/uploads\/2025\/11\/WMS-1536x1152.jpg 1536w, https:\/\/in-sist.si\/wp-content\/uploads\/2025\/11\/WMS-2048x1536.jpg 2048w, https:\/\/in-sist.si\/wp-content\/uploads\/2025\/11\/WMS-900x675.jpg 900w, https:\/\/in-sist.si\/wp-content\/uploads\/2025\/11\/WMS-1200x900.jpg 1200w\" sizes=\"(max-width: 768px) 100vw, 768px\" \/>\t\t\t\t\t\t\t\t\t\t\t\t\t\t\t<\/div>\n\t\t\t\t<\/div>\n\t\t\t\t<\/div>\n\t\t\t\t<\/div>\n\t\t\t\t<div class=\"elementor-element elementor-element-1ad34e4 elementor-widget elementor-widget-heading\" data-id=\"1ad34e4\" data-element_type=\"widget\" data-widget_type=\"heading.default\">\n\t\t\t\t<div class=\"elementor-widget-container\">\n\t\t\t\t\t<h2 class=\"elementor-heading-title elementor-size-default\">Experience built since 2005<\/h2>\t\t\t\t<\/div>\n\t\t\t\t<\/div>\n\t\t\t\t<div class=\"elementor-element elementor-element-a15e085 elementor-widget elementor-widget-text-editor\" data-id=\"a15e085\" data-element_type=\"widget\" data-widget_type=\"text-editor.default\">\n\t\t\t\t<div class=\"elementor-widget-container\">\n\t\t\t\t\t\t\t\t\t<p data-start=\"862\" data-end=\"1048\">Our team has grown out of the market need for reliable ERP implementers, network experts and analysts who understand the complexity of business systems. Today, we are united by: <\/p><ul data-start=\"1050\" data-end=\"1307\"><li data-start=\"1050\" data-end=\"1094\"><p data-start=\"1052\" data-end=\"1094\">more than 18 years of experience in ERP,<\/p><\/li><li data-start=\"1095\" data-end=\"1157\"><p data-start=\"1097\" data-end=\"1157\">Deep knowledge of business processes in different industries,<\/p><\/li><li data-start=\"1158\" data-end=\"1201\"><p data-start=\"1160\" data-end=\"1201\">Continuing education and certification,<\/p><\/li><li data-start=\"1202\" data-end=\"1262\"><p data-start=\"1204\" data-end=\"1262\">the ability to adapt to both small and large systems,<\/p><\/li><li data-start=\"1263\" data-end=\"1307\"><p data-start=\"1265\" data-end=\"1307\">focus on solutions, not problems.<\/p><\/li><\/ul>\t\t\t\t\t\t\t\t<\/div>\n\t\t\t\t<\/div>\n\t\t\t\t<div class=\"elementor-element elementor-element-6256c34 elementor-widget elementor-widget-heading\" data-id=\"6256c34\" data-element_type=\"widget\" data-widget_type=\"heading.default\">\n\t\t\t\t<div class=\"elementor-widget-container\">\n\t\t\t\t\t<h2 class=\"elementor-heading-title elementor-size-default\">A culture based on knowledge and accountability<\/h2>\t\t\t\t<\/div>\n\t\t\t\t<\/div>\n\t\t\t\t<div class=\"elementor-element elementor-element-3d049bc elementor-widget elementor-widget-text-editor\" data-id=\"3d049bc\" data-element_type=\"widget\" data-widget_type=\"text-editor.default\">\n\t\t\t\t<div class=\"elementor-widget-container\">\n\t\t\t\t\t\t\t\t\t<p data-start=\"2416\" data-end=\"2511\">Our team is growing because we invest in long-term development &#8211; of both individuals and the company. We emphasise: <\/p><ul data-start=\"2513\" data-end=\"2714\"><li data-start=\"2513\" data-end=\"2547\"><p data-start=\"2515\" data-end=\"2547\">professionalism and accuracy,<\/p><\/li><li data-start=\"2548\" data-end=\"2587\"><p data-start=\"2550\" data-end=\"2587\">open communication and teamwork,<\/p><\/li><li data-start=\"2588\" data-end=\"2631\"><p data-start=\"2590\" data-end=\"2631\">Continuing education and certification,<\/p><\/li><li data-start=\"2632\" data-end=\"2671\"><p data-start=\"2634\" data-end=\"2671\">accountability to clients and projects<\/p><\/li><li data-start=\"2672\" data-end=\"2714\"><p data-start=\"2674\" data-end=\"2714\">ethics, reliability and partnership.<\/p><\/li><\/ul><p data-start=\"2716\" data-end=\"2845\">Every member of the team understands that our solutions are the cornerstone of our clients&#8217; businesses &#8211; so we treat them with the utmost respect.<\/p>\t\t\t\t\t\t\t\t<\/div>\n\t\t\t\t<\/div>\n\t\t\t\t\t<\/div>\n\t\t\t\t<\/div>\n\t\t<div class=\"elementor-element elementor-element-4723f59c e-con-full e-flex e-con e-parent\" data-id=\"4723f59c\" data-element_type=\"container\">\n\t\t<div class=\"elementor-element elementor-element-594d5ca0 e-con-full e-flex e-con e-child\" data-id=\"594d5ca0\" data-element_type=\"container\" data-settings=\"{&quot;background_background&quot;:&quot;classic&quot;}\">\n\t\t<div class=\"elementor-element elementor-element-3a0fb694 e-con-full e-flex e-con e-child\" data-id=\"3a0fb694\" data-element_type=\"container\">\n\t\t\t\t<div class=\"elementor-element elementor-element-1257069a elementor-widget elementor-widget-heading\" data-id=\"1257069a\" data-element_type=\"widget\" data-widget_type=\"heading.default\">\n\t\t\t\t<div class=\"elementor-widget-container\">\n\t\t\t\t\t<h2 class=\"elementor-heading-title elementor-size-default\">Why with us?<\/h2>\t\t\t\t<\/div>\n\t\t\t\t<\/div>\n\t\t\t\t<div class=\"elementor-element elementor-element-3afab93f elementor-widget elementor-widget-text-editor\" data-id=\"3afab93f\" data-element_type=\"widget\" data-widget_type=\"text-editor.default\">\n\t\t\t\t<div class=\"elementor-widget-container\">\n\t\t\t\t\t\t\t\t\t<p>Smo certificiran partner z bogatimi izku\u0161njami na podro\u010dju ERP uvedb in digitalizacije poslovanja. Razumemo tehnolo\u0161ke in \u010dlove\u0161ke izzive pri uvedbi tak\u0161nega sistema, zato zagotovimo strokovno voden projekt, ki se osredoto\u010da na kon\u010dnega uporabnika in dolgoro\u010dno vrednost. <\/p><p>Whether you&#8217;re a micro-business or a manufacturing company with complex processes &#8211; with Pantheon ERP, you get a tool that grows with you.<\/p>\t\t\t\t\t\t\t\t<\/div>\n\t\t\t\t<\/div>\n\t\t\t\t<div class=\"elementor-element elementor-element-6d9ec527 elementor-widget elementor-widget-button\" data-id=\"6d9ec527\" data-element_type=\"widget\" data-widget_type=\"button.default\">\n\t\t\t\t<div class=\"elementor-widget-container\">\n\t\t\t\t\t\t\t\t\t<div class=\"elementor-button-wrapper\">\n\t\t\t\t\t<a class=\"elementor-button elementor-button-link elementor-size-sm\" href=\"#\">\n\t\t\t\t\t\t<span class=\"elementor-button-content-wrapper\">\n\t\t\t\t\t\t\t\t\t<span class=\"elementor-button-text\">More about us<\/span>\n\t\t\t\t\t<\/span>\n\t\t\t\t\t<\/a>\n\t\t\t\t<\/div>\n\t\t\t\t\t\t\t\t<\/div>\n\t\t\t\t<\/div>\n\t\t\t\t<\/div>\n\t\t\t\t<\/div>\n\t\t<div class=\"elementor-element elementor-element-5e4c804b e-con-full e-flex e-con e-child\" data-id=\"5e4c804b\" data-element_type=\"container\" data-settings=\"{&quot;background_background&quot;:&quot;classic&quot;}\">\n\t\t<div class=\"elementor-element elementor-element-604b432c e-con-full e-flex e-con e-child\" data-id=\"604b432c\" data-element_type=\"container\">\n\t\t\t\t<div class=\"elementor-element elementor-element-7f1e4a64 elementor-widget elementor-widget-heading\" data-id=\"7f1e4a64\" data-element_type=\"widget\" data-widget_type=\"heading.default\">\n\t\t\t\t<div class=\"elementor-widget-container\">\n\t\t\t\t\t<h2 class=\"elementor-heading-title elementor-size-default\">Want to know more or schedule a consultation?<\/h2>\t\t\t\t<\/div>\n\t\t\t\t<\/div>\n\t\t\t\t<div class=\"elementor-element elementor-element-49f1a5e9 elementor-widget elementor-widget-text-editor\" data-id=\"49f1a5e9\" data-element_type=\"widget\" data-widget_type=\"text-editor.default\">\n\t\t\t\t<div class=\"elementor-widget-container\">\n\t\t\t\t\t\t\t\t\t<p>Contact us and we will be happy to make you a presentation or a concrete offer.<\/p>\t\t\t\t\t\t\t\t<\/div>\n\t\t\t\t<\/div>\n\t\t\t\t<\/div>\n\t\t\t\t<\/div>\n\t\t\t\t<\/div>\n\t\t<div class=\"elementor-element elementor-element-2d6bac9 main-container e-flex e-con-boxed e-con e-parent\" data-id=\"2d6bac9\" data-element_type=\"container\">\n\t\t\t\t\t<div class=\"e-con-inner\">\n\t\t<div class=\"elementor-element elementor-element-7a367660 e-con-full e-flex e-con e-child\" data-id=\"7a367660\" data-element_type=\"container\">\n\t\t\t\t<div class=\"elementor-element elementor-element-c5e2662 elementor-widget elementor-widget-heading\" data-id=\"c5e2662\" data-element_type=\"widget\" data-widget_type=\"heading.default\">\n\t\t\t\t<div class=\"elementor-widget-container\">\n\t\t\t\t\t<h2 class=\"elementor-heading-title elementor-size-default\">Zaupajo nam<\/h2>\t\t\t\t<\/div>\n\t\t\t\t<\/div>\n\t\t\t\t<\/div>\n\t\t<div class=\"elementor-element elementor-element-48cda2b0 e-con-full e-flex e-con e-child\" data-id=\"48cda2b0\" data-element_type=\"container\">\n\t\t<div class=\"elementor-element elementor-element-6bfaf9d9 e-grid e-con-full trust-us e-con e-child\" data-id=\"6bfaf9d9\" data-element_type=\"container\">\n\t\t\t\t<div class=\"elementor-element elementor-element-7dba512f elementor-widget elementor-widget-image\" data-id=\"7dba512f\" data-element_type=\"widget\" data-widget_type=\"image.default\">\n\t\t\t\t<div class=\"elementor-widget-container\">\n\t\t\t\t\t\t\t\t\t\t\t\t\t\t\t<img decoding=\"async\" width=\"119\" height=\"35\" src=\"https:\/\/in-sist.si\/wp-content\/uploads\/2025\/11\/petpak-black-1_gray.svg\" class=\"attachment-large size-large wp-image-16107\" alt=\"\" \/>\t\t\t\t\t\t\t\t\t\t\t\t\t\t\t<\/div>\n\t\t\t\t<\/div>\n\t\t\t\t<div class=\"elementor-element elementor-element-10b5ccce elementor-widget elementor-widget-image\" data-id=\"10b5ccce\" data-element_type=\"widget\" data-widget_type=\"image.default\">\n\t\t\t\t<div class=\"elementor-widget-container\">\n\t\t\t\t\t\t\t\t\t\t\t\t\t\t\t<img loading=\"lazy\" decoding=\"async\" width=\"240\" height=\"91\" src=\"https:\/\/in-sist.si\/wp-content\/uploads\/2025\/11\/skisea.png\" class=\"attachment-large size-large wp-image-16106\" alt=\"\" \/>\t\t\t\t\t\t\t\t\t\t\t\t\t\t\t<\/div>\n\t\t\t\t<\/div>\n\t\t\t\t<div class=\"elementor-element elementor-element-401a4214 elementor-widget elementor-widget-image\" data-id=\"401a4214\" data-element_type=\"widget\" data-widget_type=\"image.default\">\n\t\t\t\t<div class=\"elementor-widget-container\">\n\t\t\t\t\t\t\t\t\t\t\t\t\t\t\t<img loading=\"lazy\" decoding=\"async\" width=\"300\" height=\"100\" src=\"https:\/\/in-sist.si\/wp-content\/uploads\/2025\/11\/logo-rogaska.png\" class=\"attachment-large size-large wp-image-16103\" alt=\"\" \/>\t\t\t\t\t\t\t\t\t\t\t\t\t\t\t<\/div>\n\t\t\t\t<\/div>\n\t\t\t\t<div class=\"elementor-element elementor-element-135ccacd elementor-widget elementor-widget-image\" data-id=\"135ccacd\" data-element_type=\"widget\" data-widget_type=\"image.default\">\n\t\t\t\t<div class=\"elementor-widget-container\">\n\t\t\t\t\t\t\t\t\t\t\t\t\t\t\t<img loading=\"lazy\" decoding=\"async\" width=\"200\" height=\"65\" src=\"https:\/\/in-sist.si\/wp-content\/uploads\/2025\/11\/preline-e1756895215330.jpg\" class=\"attachment-full size-full wp-image-16105\" alt=\"\" \/>\t\t\t\t\t\t\t\t\t\t\t\t\t\t\t<\/div>\n\t\t\t\t<\/div>\n\t\t\t\t<div class=\"elementor-element elementor-element-77d85b2e elementor-widget elementor-widget-image\" data-id=\"77d85b2e\" data-element_type=\"widget\" data-widget_type=\"image.default\">\n\t\t\t\t<div class=\"elementor-widget-container\">\n\t\t\t\t\t\t\t\t\t\t\t\t\t\t\t<img loading=\"lazy\" decoding=\"async\" width=\"1181\" height=\"113\" src=\"https:\/\/in-sist.si\/wp-content\/uploads\/2025\/11\/Metal-product-logo.jpg\" class=\"attachment-full size-full wp-image-16104\" alt=\"\" srcset=\"https:\/\/in-sist.si\/wp-content\/uploads\/2025\/11\/Metal-product-logo.jpg 1181w, https:\/\/in-sist.si\/wp-content\/uploads\/2025\/11\/Metal-product-logo-300x29.jpg 300w, https:\/\/in-sist.si\/wp-content\/uploads\/2025\/11\/Metal-product-logo-1024x98.jpg 1024w, https:\/\/in-sist.si\/wp-content\/uploads\/2025\/11\/Metal-product-logo-768x73.jpg 768w, https:\/\/in-sist.si\/wp-content\/uploads\/2025\/11\/Metal-product-logo-900x86.jpg 900w\" sizes=\"(max-width: 1181px) 100vw, 1181px\" \/>\t\t\t\t\t\t\t\t\t\t\t\t\t\t\t<\/div>\n\t\t\t\t<\/div>\n\t\t\t\t<\/div>\n\t\t\t\t<\/div>\n\t\t\t\t\t<\/div>\n\t\t\t\t<\/div>\n\t\t\t\t<\/div>\n\t\t","protected":false},"excerpt":{"rendered":"<p>Tukaj ste: Domov Stran Our team At IN.SIST d.o.o. we believe that the quality of any solution is directly linked to the quality of the team behind it. That is why, in almost two decades of operation, we have built a professional, reliable and experienced team that combines technological know-how, business understanding and a partnership&hellip;<\/p>\n","protected":false},"author":1,"featured_media":0,"parent":0,"menu_order":0,"comment_status":"closed","ping_status":"closed","template":"elementor_header_footer","meta":{"_acf_changed":false,"give_campaign_id":0,"footnotes":""},"class_list":["post-15518","page","type-page","status-publish","hentry"],"acf":[],"yoast_head":"<!-- This site is optimized with the Yoast SEO plugin v25.9 - https:\/\/yoast.com\/wordpress\/plugins\/seo\/ -->\n<title>The team - In.Sist<\/title>\n<meta name=\"robots\" content=\"index, follow, max-snippet:-1, max-image-preview:large, max-video-preview:-1\" \/>\n<link rel=\"canonical\" href=\"https:\/\/in-sist.si\/en\/the-team\/\" \/>\n<meta property=\"og:locale\" content=\"en_US\" \/>\n<meta property=\"og:type\" content=\"article\" \/>\n<meta property=\"og:title\" content=\"The team - In.Sist\" \/>\n<meta property=\"og:description\" content=\"Tukaj ste: Domov Stran Our team At IN.SIST d.o.o. we believe that the quality of any solution is directly linked to the quality of the team behind it. That is why, in almost two decades of operation, we have built a professional, reliable and experienced team that combines technological know-how, business understanding and a partnership&hellip;\" \/>\n<meta property=\"og:url\" content=\"https:\/\/in-sist.si\/en\/the-team\/\" \/>\n<meta property=\"og:site_name\" content=\"In.Sist\" \/>\n<meta property=\"article:modified_time\" content=\"2025-12-10T07:22:15+00:00\" \/>\n<meta property=\"og:image\" content=\"http:\/\/in-sist.si\/wp-content\/uploads\/2025\/11\/WMS-768x576.jpg\" \/>\n<meta name=\"twitter:card\" content=\"summary_large_image\" \/>\n<meta name=\"twitter:label1\" content=\"Est. reading time\" \/>\n\t<meta name=\"twitter:data1\" content=\"2 minutes\" \/>\n<script type=\"application\/ld+json\" class=\"yoast-schema-graph\">{\"@context\":\"https:\/\/schema.org\",\"@graph\":[{\"@type\":\"WebPage\",\"@id\":\"https:\/\/in-sist.si\/en\/the-team\/\",\"url\":\"https:\/\/in-sist.si\/en\/the-team\/\",\"name\":\"The team - In.Sist\",\"isPartOf\":{\"@id\":\"https:\/\/in-sist.si\/en\/#website\"},\"primaryImageOfPage\":{\"@id\":\"https:\/\/in-sist.si\/en\/the-team\/#primaryimage\"},\"image\":{\"@id\":\"https:\/\/in-sist.si\/en\/the-team\/#primaryimage\"},\"thumbnailUrl\":\"http:\/\/in-sist.si\/wp-content\/uploads\/2025\/11\/WMS-768x576.jpg\",\"datePublished\":\"2025-11-10T10:21:26+00:00\",\"dateModified\":\"2025-12-10T07:22:15+00:00\",\"breadcrumb\":{\"@id\":\"https:\/\/in-sist.si\/en\/the-team\/#breadcrumb\"},\"inLanguage\":\"en-US\",\"potentialAction\":[{\"@type\":\"ReadAction\",\"target\":[\"https:\/\/in-sist.si\/en\/the-team\/\"]}]},{\"@type\":\"ImageObject\",\"inLanguage\":\"en-US\",\"@id\":\"https:\/\/in-sist.si\/en\/the-team\/#primaryimage\",\"url\":\"http:\/\/in-sist.si\/wp-content\/uploads\/2025\/11\/WMS-768x576.jpg\",\"contentUrl\":\"http:\/\/in-sist.si\/wp-content\/uploads\/2025\/11\/WMS-768x576.jpg\"},{\"@type\":\"BreadcrumbList\",\"@id\":\"https:\/\/in-sist.si\/en\/the-team\/#breadcrumb\",\"itemListElement\":[{\"@type\":\"ListItem\",\"position\":1,\"name\":\"Home\",\"item\":\"https:\/\/in-sist.si\/en\/main-page\/\"},{\"@type\":\"ListItem\",\"position\":2,\"name\":\"The team\"}]},{\"@type\":\"WebSite\",\"@id\":\"https:\/\/in-sist.si\/en\/#website\",\"url\":\"https:\/\/in-sist.si\/en\/\",\"name\":\"In.Sist\",\"description\":\"\",\"publisher\":{\"@id\":\"https:\/\/in-sist.si\/en\/#organization\"},\"potentialAction\":[{\"@type\":\"SearchAction\",\"target\":{\"@type\":\"EntryPoint\",\"urlTemplate\":\"https:\/\/in-sist.si\/en\/?s={search_term_string}\"},\"query-input\":{\"@type\":\"PropertyValueSpecification\",\"valueRequired\":true,\"valueName\":\"search_term_string\"}}],\"inLanguage\":\"en-US\"},{\"@type\":\"Organization\",\"@id\":\"https:\/\/in-sist.si\/en\/#organization\",\"name\":\"In.Sist\",\"url\":\"https:\/\/in-sist.si\/en\/\",\"logo\":{\"@type\":\"ImageObject\",\"inLanguage\":\"en-US\",\"@id\":\"https:\/\/in-sist.si\/en\/#\/schema\/logo\/image\/\",\"url\":\"https:\/\/in-sist.si\/wp-content\/uploads\/2025\/04\/smallerinsistia.png\",\"contentUrl\":\"https:\/\/in-sist.si\/wp-content\/uploads\/2025\/04\/smallerinsistia.png\",\"width\":350,\"height\":100,\"caption\":\"In.Sist\"},\"image\":{\"@id\":\"https:\/\/in-sist.si\/en\/#\/schema\/logo\/image\/\"}}]}<\/script>\n<!-- \/ Yoast SEO plugin. -->","yoast_head_json":{"title":"The team - In.Sist","robots":{"index":"index","follow":"follow","max-snippet":"max-snippet:-1","max-image-preview":"max-image-preview:large","max-video-preview":"max-video-preview:-1"},"canonical":"https:\/\/in-sist.si\/en\/the-team\/","og_locale":"en_US","og_type":"article","og_title":"The team - In.Sist","og_description":"Tukaj ste: Domov Stran Our team At IN.SIST d.o.o. we believe that the quality of any solution is directly linked to the quality of the team behind it. That is why, in almost two decades of operation, we have built a professional, reliable and experienced team that combines technological know-how, business understanding and a partnership&hellip;","og_url":"https:\/\/in-sist.si\/en\/the-team\/","og_site_name":"In.Sist","article_modified_time":"2025-12-10T07:22:15+00:00","og_image":[{"url":"http:\/\/in-sist.si\/wp-content\/uploads\/2025\/11\/WMS-768x576.jpg","type":"","width":"","height":""}],"twitter_card":"summary_large_image","twitter_misc":{"Est. reading time":"2 minutes"},"schema":{"@context":"https:\/\/schema.org","@graph":[{"@type":"WebPage","@id":"https:\/\/in-sist.si\/en\/the-team\/","url":"https:\/\/in-sist.si\/en\/the-team\/","name":"The team - In.Sist","isPartOf":{"@id":"https:\/\/in-sist.si\/en\/#website"},"primaryImageOfPage":{"@id":"https:\/\/in-sist.si\/en\/the-team\/#primaryimage"},"image":{"@id":"https:\/\/in-sist.si\/en\/the-team\/#primaryimage"},"thumbnailUrl":"http:\/\/in-sist.si\/wp-content\/uploads\/2025\/11\/WMS-768x576.jpg","datePublished":"2025-11-10T10:21:26+00:00","dateModified":"2025-12-10T07:22:15+00:00","breadcrumb":{"@id":"https:\/\/in-sist.si\/en\/the-team\/#breadcrumb"},"inLanguage":"en-US","potentialAction":[{"@type":"ReadAction","target":["https:\/\/in-sist.si\/en\/the-team\/"]}]},{"@type":"ImageObject","inLanguage":"en-US","@id":"https:\/\/in-sist.si\/en\/the-team\/#primaryimage","url":"http:\/\/in-sist.si\/wp-content\/uploads\/2025\/11\/WMS-768x576.jpg","contentUrl":"http:\/\/in-sist.si\/wp-content\/uploads\/2025\/11\/WMS-768x576.jpg"},{"@type":"BreadcrumbList","@id":"https:\/\/in-sist.si\/en\/the-team\/#breadcrumb","itemListElement":[{"@type":"ListItem","position":1,"name":"Home","item":"https:\/\/in-sist.si\/en\/main-page\/"},{"@type":"ListItem","position":2,"name":"The team"}]},{"@type":"WebSite","@id":"https:\/\/in-sist.si\/en\/#website","url":"https:\/\/in-sist.si\/en\/","name":"In.Sist","description":"","publisher":{"@id":"https:\/\/in-sist.si\/en\/#organization"},"potentialAction":[{"@type":"SearchAction","target":{"@type":"EntryPoint","urlTemplate":"https:\/\/in-sist.si\/en\/?s={search_term_string}"},"query-input":{"@type":"PropertyValueSpecification","valueRequired":true,"valueName":"search_term_string"}}],"inLanguage":"en-US"},{"@type":"Organization","@id":"https:\/\/in-sist.si\/en\/#organization","name":"In.Sist","url":"https:\/\/in-sist.si\/en\/","logo":{"@type":"ImageObject","inLanguage":"en-US","@id":"https:\/\/in-sist.si\/en\/#\/schema\/logo\/image\/","url":"https:\/\/in-sist.si\/wp-content\/uploads\/2025\/04\/smallerinsistia.png","contentUrl":"https:\/\/in-sist.si\/wp-content\/uploads\/2025\/04\/smallerinsistia.png","width":350,"height":100,"caption":"In.Sist"},"image":{"@id":"https:\/\/in-sist.si\/en\/#\/schema\/logo\/image\/"}}]}},"campaignId":"","_links":{"self":[{"href":"https:\/\/in-sist.si\/en\/wp-json\/wp\/v2\/pages\/15518","targetHints":{"allow":["GET"]}}],"collection":[{"href":"https:\/\/in-sist.si\/en\/wp-json\/wp\/v2\/pages"}],"about":[{"href":"https:\/\/in-sist.si\/en\/wp-json\/wp\/v2\/types\/page"}],"author":[{"embeddable":true,"href":"https:\/\/in-sist.si\/en\/wp-json\/wp\/v2\/users\/1"}],"replies":[{"embeddable":true,"href":"https:\/\/in-sist.si\/en\/wp-json\/wp\/v2\/comments?post=15518"}],"version-history":[{"count":4,"href":"https:\/\/in-sist.si\/en\/wp-json\/wp\/v2\/pages\/15518\/revisions"}],"predecessor-version":[{"id":16949,"href":"https:\/\/in-sist.si\/en\/wp-json\/wp\/v2\/pages\/15518\/revisions\/16949"}],"wp:attachment":[{"href":"https:\/\/in-sist.si\/en\/wp-json\/wp\/v2\/media?parent=15518"}],"curies":[{"name":"wp","href":"https:\/\/api.w.org\/{rel}","templated":true}]}}